{"id":1230,"date":"2018-03-20T12:59:44","date_gmt":"2018-03-20T11:59:44","guid":{"rendered":"http:\/\/textileimporters.se\/?page_id=1230"},"modified":"2018-03-20T12:59:44","modified_gmt":"2018-03-20T11:59:44","slug":"login-help","status":"publish","type":"page","link":"https:\/\/www.textileimporters.se\/en\/login-help\/","title":{"rendered":"Login help"},"content":{"rendered":"<p>[vc_row][vc_column width=&#8221;1\/2&#8243;][vc_column_text]<\/p>\n<h1>Hj\u00e4lp med inloggning<\/h1>\n<p>Inte medlem \u00e4n i Textilimport\u00f6rerna?\u00a0F\u00f6r mer information om medlemskap kontakta: Louise Winter <a href=\"mailto:louise.winter@textileimporters.se\">louise.winter@textileimporters.se<\/a><\/p>\n<p>Redan medlem? F\u00f6r hj\u00e4lp med personligt l\u00f6senord kontakta : Lotta H\u00f6ijer <a href=\"mailto:lotta@texia.se\">lotta@texia.se<\/a>[\/vc_column_text][\/vc_column][vc_column width=&#8221;1\/2&#8243; el_class=&#8221;noBg&#8221;][\/vc_column][\/vc_row]<\/p>\n","protected":false},"excerpt":{"rendered":"<p>[vc_row][vc_column width=&#8221;1\/2&#8243;][vc_column_text] Hj\u00e4lp med inloggning Inte medlem \u00e4n i Textilimport\u00f6rerna?\u00a0F\u00f6r mer information om medlemskap kontakta: Louise Winter louise.winter@textileimporters.se Redan medlem? F\u00f6r hj\u00e4lp med personligt l\u00f6senord kontakta : Lotta H\u00f6ijer lotta@texia.se[\/vc_column_text][\/vc_column][vc_column width=&#8221;1\/2&#8243; el_class=&#8221;noBg&#8221;][\/vc_column][\/vc_row]<\/p>\n","protected":false},"author":4,"featured_media":0,"parent":0,"menu_order":0,"comment_status":"open","ping_status":"open","template":"","meta":{"_acf_changed":false,"footnotes":""},"class_list":["post-1230","page","type-page","status-publish","hentry"],"acf":[],"_links":{"self":[{"href":"https:\/\/www.textileimporters.se\/en\/wp-json\/wp\/v2\/pages\/1230","targetHints":{"allow":["GET"]}}],"collection":[{"href":"https:\/\/www.textileimporters.se\/en\/wp-json\/wp\/v2\/pages"}],"about":[{"href":"https:\/\/www.textileimporters.se\/en\/wp-json\/wp\/v2\/types\/page"}],"author":[{"embeddable":true,"href":"https:\/\/www.textileimporters.se\/en\/wp-json\/wp\/v2\/users\/4"}],"replies":[{"embeddable":true,"href":"https:\/\/www.textileimporters.se\/en\/wp-json\/wp\/v2\/comments?post=1230"}],"version-history":[{"count":1,"href":"https:\/\/www.textileimporters.se\/en\/wp-json\/wp\/v2\/pages\/1230\/revisions"}],"predecessor-version":[{"id":1231,"href":"https:\/\/www.textileimporters.se\/en\/wp-json\/wp\/v2\/pages\/1230\/revisions\/1231"}],"wp:attachment":[{"href":"https:\/\/www.textileimporters.se\/en\/wp-json\/wp\/v2\/media?parent=1230"}],"curies":[{"name":"wp","href":"https:\/\/api.w.org\/{rel}","templated":true}]}}